{"id":785,"date":"2021-01-14T10:43:09","date_gmt":"2021-01-14T09:43:09","guid":{"rendered":"https:\/\/pijkranowke.pl\/ambasadorzy\/"},"modified":"2022-06-09T14:14:09","modified_gmt":"2022-06-09T12:14:09","slug":"ambasadorzy","status":"publish","type":"page","link":"https:\/\/pijkranowke.pl\/uk\/ambasadorzy\/","title":{"rendered":"\u0410\u041c\u0411\u0410\u0421\u0410\u0414\u041e\u0420\u0418"},"content":{"rendered":"","protected":false},"excerpt":{"rendered":"","protected":false},"author":3,"featured_media":0,"parent":0,"menu_order":0,"comment_status":"closed","ping_status":"closed","template":"page-templates\/ambassadors.php","meta":{"_acf_changed":false,"footnotes":""},"class_list":["post-785","page","type-page","status-publish","hentry"],"acf":[],"yoast_head":"<!-- This site is optimized with the Yoast SEO plugin v27.5 - https:\/\/yoast.com\/product\/yoast-seo-wordpress\/ -->\n<title>\u0410\u041c\u0411\u0410\u0421\u0410\u0414\u041e\u0420\u0418 - Pij Kran\u00f3wk\u0119<\/title>\n<meta name=\"robots\" content=\"index, follow, max-snippet:-1, max-image-preview:large, max-video-preview:-1\" \/>\n<link rel=\"canonical\" href=\"https:\/\/pijkranowke.pl\/uk\/ambasadorzy\/\" \/>\n<meta property=\"og:locale\" content=\"uk_UA\" \/>\n<meta property=\"og:type\" content=\"article\" \/>\n<meta property=\"og:title\" content=\"\u0410\u041c\u0411\u0410\u0421\u0410\u0414\u041e\u0420\u0418 - Pij Kran\u00f3wk\u0119\" \/>\n<meta property=\"og:url\" content=\"https:\/\/pijkranowke.pl\/uk\/ambasadorzy\/\" \/>\n<meta property=\"og:site_name\" content=\"Pij Kran\u00f3wk\u0119\" \/>\n<meta property=\"article:modified_time\" content=\"2022-06-09T12:14:09+00:00\" \/>\n<meta name=\"twitter:card\" content=\"summary_large_image\" \/>\n<script type=\"application\/ld+json\" class=\"yoast-schema-graph\">{\"@context\":\"https:\\\/\\\/schema.org\",\"@graph\":[{\"@type\":\"WebPage\",\"@id\":\"https:\\\/\\\/pijkranowke.pl\\\/uk\\\/ambasadorzy\\\/\",\"url\":\"https:\\\/\\\/pijkranowke.pl\\\/uk\\\/ambasadorzy\\\/\",\"name\":\"\u0410\u041c\u0411\u0410\u0421\u0410\u0414\u041e\u0420\u0418 - Pij Kran\u00f3wk\u0119\",\"isPartOf\":{\"@id\":\"https:\\\/\\\/pijkranowke.pl\\\/#website\"},\"datePublished\":\"2021-01-14T09:43:09+00:00\",\"dateModified\":\"2022-06-09T12:14:09+00:00\",\"inLanguage\":\"uk\",\"potentialAction\":[{\"@type\":\"ReadAction\",\"target\":[\"https:\\\/\\\/pijkranowke.pl\\\/uk\\\/ambasadorzy\\\/\"]}]},{\"@type\":\"WebSite\",\"@id\":\"https:\\\/\\\/pijkranowke.pl\\\/#website\",\"url\":\"https:\\\/\\\/pijkranowke.pl\\\/\",\"name\":\"Pij Kran\u00f3wk\u0119\",\"description\":\"Wszystko zaczyna si\u0119 od wody\",\"potentialAction\":[{\"@type\":\"SearchAction\",\"target\":{\"@type\":\"EntryPoint\",\"urlTemplate\":\"https:\\\/\\\/pijkranowke.pl\\\/?s={search_term_string}\"},\"query-input\":{\"@type\":\"PropertyValueSpecification\",\"valueRequired\":true,\"valueName\":\"search_term_string\"}}],\"inLanguage\":\"uk\"}]}<\/script>\n<!-- \/ Yoast SEO plugin. -->","yoast_head_json":{"title":"\u0410\u041c\u0411\u0410\u0421\u0410\u0414\u041e\u0420\u0418 - Pij Kran\u00f3wk\u0119","robots":{"index":"index","follow":"follow","max-snippet":"max-snippet:-1","max-image-preview":"max-image-preview:large","max-video-preview":"max-video-preview:-1"},"canonical":"https:\/\/pijkranowke.pl\/uk\/ambasadorzy\/","og_locale":"uk_UA","og_type":"article","og_title":"\u0410\u041c\u0411\u0410\u0421\u0410\u0414\u041e\u0420\u0418 - Pij Kran\u00f3wk\u0119","og_url":"https:\/\/pijkranowke.pl\/uk\/ambasadorzy\/","og_site_name":"Pij Kran\u00f3wk\u0119","article_modified_time":"2022-06-09T12:14:09+00:00","twitter_card":"summary_large_image","schema":{"@context":"https:\/\/schema.org","@graph":[{"@type":"WebPage","@id":"https:\/\/pijkranowke.pl\/uk\/ambasadorzy\/","url":"https:\/\/pijkranowke.pl\/uk\/ambasadorzy\/","name":"\u0410\u041c\u0411\u0410\u0421\u0410\u0414\u041e\u0420\u0418 - Pij Kran\u00f3wk\u0119","isPartOf":{"@id":"https:\/\/pijkranowke.pl\/#website"},"datePublished":"2021-01-14T09:43:09+00:00","dateModified":"2022-06-09T12:14:09+00:00","inLanguage":"uk","potentialAction":[{"@type":"ReadAction","target":["https:\/\/pijkranowke.pl\/uk\/ambasadorzy\/"]}]},{"@type":"WebSite","@id":"https:\/\/pijkranowke.pl\/#website","url":"https:\/\/pijkranowke.pl\/","name":"Pij Kran\u00f3wk\u0119","description":"Wszystko zaczyna si\u0119 od wody","potentialAction":[{"@type":"SearchAction","target":{"@type":"EntryPoint","urlTemplate":"https:\/\/pijkranowke.pl\/?s={search_term_string}"},"query-input":{"@type":"PropertyValueSpecification","valueRequired":true,"valueName":"search_term_string"}}],"inLanguage":"uk"}]}},"_links":{"self":[{"href":"https:\/\/pijkranowke.pl\/uk\/wp-json\/wp\/v2\/pages\/785","targetHints":{"allow":["GET"]}}],"collection":[{"href":"https:\/\/pijkranowke.pl\/uk\/wp-json\/wp\/v2\/pages"}],"about":[{"href":"https:\/\/pijkranowke.pl\/uk\/wp-json\/wp\/v2\/types\/page"}],"author":[{"embeddable":true,"href":"https:\/\/pijkranowke.pl\/uk\/wp-json\/wp\/v2\/users\/3"}],"replies":[{"embeddable":true,"href":"https:\/\/pijkranowke.pl\/uk\/wp-json\/wp\/v2\/comments?post=785"}],"version-history":[{"count":3,"href":"https:\/\/pijkranowke.pl\/uk\/wp-json\/wp\/v2\/pages\/785\/revisions"}],"predecessor-version":[{"id":911,"href":"https:\/\/pijkranowke.pl\/uk\/wp-json\/wp\/v2\/pages\/785\/revisions\/911"}],"wp:attachment":[{"href":"https:\/\/pijkranowke.pl\/uk\/wp-json\/wp\/v2\/media?parent=785"}],"curies":[{"name":"wp","href":"https:\/\/api.w.org\/{rel}","templated":true}]}}